{"id":40,"date":"2024-06-08T00:39:22","date_gmt":"2024-06-08T03:39:22","guid":{"rendered":"https:\/\/drbrunorezende.com\/?page_id=40"},"modified":"2024-06-08T00:39:22","modified_gmt":"2024-06-08T03:39:22","slug":"home","status":"publish","type":"page","link":"https:\/\/drbrunorezende.com\/index.php\/home\/","title":{"rendered":"Home"},"content":{"rendered":"\n<p>Boas-vindas ao seu site! Esta \u00e9 sua p\u00e1gina inicial, que \u00e9 a p\u00e1gina que a maioria dos visitantes vai ver ao acessar o seu site pela primeira vez.<\/p>\n","protected":false},"excerpt":{"rendered":"<p>Boas-vindas ao seu site! Esta \u00e9 sua p\u00e1gina inicial, que \u00e9 a p\u00e1gina que a maioria dos visitantes vai ver ao acessar o seu site pela primeira vez.<\/p>\n","protected":false},"author":1,"featured_media":0,"parent":0,"menu_order":0,"comment_status":"closed","ping_status":"closed","template":"","meta":{"_monsterinsights_skip_tracking":false,"_monsterinsights_sitenote_active":false,"_monsterinsights_sitenote_note":"","_monsterinsights_sitenote_category":0,"footnotes":""},"_links":{"self":[{"href":"https:\/\/drbrunorezende.com\/index.php\/wp-json\/wp\/v2\/pages\/40"}],"collection":[{"href":"https:\/\/drbrunorezende.com\/index.php\/wp-json\/wp\/v2\/pages"}],"about":[{"href":"https:\/\/drbrunorezende.com\/index.php\/wp-json\/wp\/v2\/types\/page"}],"author":[{"embeddable":true,"href":"https:\/\/drbrunorezende.com\/index.php\/wp-json\/wp\/v2\/users\/1"}],"replies":[{"embeddable":true,"href":"https:\/\/drbrunorezende.com\/index.php\/wp-json\/wp\/v2\/comments?post=40"}],"version-history":[{"count":1,"href":"https:\/\/drbrunorezende.com\/index.php\/wp-json\/wp\/v2\/pages\/40\/revisions"}],"predecessor-version":[{"id":48,"href":"https:\/\/drbrunorezende.com\/index.php\/wp-json\/wp\/v2\/pages\/40\/revisions\/48"}],"wp:attachment":[{"href":"https:\/\/drbrunorezende.com\/index.php\/wp-json\/wp\/v2\/media?parent=40"}],"curies":[{"name":"wp","href":"https:\/\/api.w.org\/{rel}","templated":true}]}}